{"id":169,"date":"2021-04-22T19:41:19","date_gmt":"2021-04-22T19:41:19","guid":{"rendered":"https:\/\/mehmet-kaymakci.de\/?page_id=169"},"modified":"2021-04-22T19:41:20","modified_gmt":"2021-04-22T19:41:20","slug":"kunye","status":"publish","type":"page","link":"https:\/\/mehmet-kaymakci.de\/tr\/kunye","title":{"rendered":"K\u00fcnye"},"content":{"rendered":"\n<p>G\u00fcrsel Y\u0131ld\u0131r\u0131m<br>Hamburg<\/p>\n","protected":false},"excerpt":{"rendered":"<p>G\u00fcrsel Y\u0131ld\u0131r\u0131mHamburg<\/p>\n","protected":false},"author":1,"featured_media":0,"parent":0,"menu_order":0,"comment_status":"closed","ping_status":"closed","template":"","meta":{"_coblocks_attr":"","_coblocks_dimensions":"","_coblocks_responsive_height":"","_coblocks_accordion_ie_support":"","hide_page_title":"","footnotes":""},"class_list":["post-169","page","type-page","status-publish","hentry"],"_links":{"self":[{"href":"https:\/\/mehmet-kaymakci.de\/tr\/wp-json\/wp\/v2\/pages\/169","targetHints":{"allow":["GET"]}}],"collection":[{"href":"https:\/\/mehmet-kaymakci.de\/tr\/wp-json\/wp\/v2\/pages"}],"about":[{"href":"https:\/\/mehmet-kaymakci.de\/tr\/wp-json\/wp\/v2\/types\/page"}],"author":[{"embeddable":true,"href":"https:\/\/mehmet-kaymakci.de\/tr\/wp-json\/wp\/v2\/users\/1"}],"replies":[{"embeddable":true,"href":"https:\/\/mehmet-kaymakci.de\/tr\/wp-json\/wp\/v2\/comments?post=169"}],"version-history":[{"count":1,"href":"https:\/\/mehmet-kaymakci.de\/tr\/wp-json\/wp\/v2\/pages\/169\/revisions"}],"predecessor-version":[{"id":171,"href":"https:\/\/mehmet-kaymakci.de\/tr\/wp-json\/wp\/v2\/pages\/169\/revisions\/171"}],"wp:attachment":[{"href":"https:\/\/mehmet-kaymakci.de\/tr\/wp-json\/wp\/v2\/media?parent=169"}],"curies":[{"name":"wp","href":"https:\/\/api.w.org\/{rel}","templated":true}]}}