{"id":172,"date":"2021-04-22T19:42:58","date_gmt":"2021-04-22T19:42:58","guid":{"rendered":"https:\/\/mehmet-kaymakci.de\/?page_id=172"},"modified":"2021-08-05T07:35:23","modified_gmt":"2021-08-05T07:35:23","slug":"basin","status":"publish","type":"page","link":"https:\/\/mehmet-kaymakci.de\/tr\/basin","title":{"rendered":"Bas\u0131n"},"content":{"rendered":"\n<p><strong>27. Temmusz 2021 &#8211; <a href=\"https:\/\/www.birgun.net\/haber\/hamburg-da-neonazilerin-katlettigi-isci-mehmet-kaymakci-nin-aniti-dikildi-artik-unutulmayacak-353044?fbclid=IwAR34dVj40rMdFPwWrQD_DBlRMVtFNAq_d2XEt_XdkNlyMrXTtsi-kNFduaI\">Hamburg\u2019da neonazilerin katletti\u011fi i\u015f\u00e7i Mehmet Kaymak\u00e7\u0131\u2019n\u0131n an\u0131t\u0131 dikildi: Art\u0131k unutulmayacak! <\/a>[Birg\u00fcn]<\/strong><\/p>\n\n\n\n<p><\/p>\n\n\n\n<p>_______________________________________________________________________________<\/p>\n\n\n\n<p><strong>26. Temmusz<\/strong> <strong>2021 &#8211; <a href=\"https:\/\/www.hurriyet.com.tr\/avrupa\/mehmet-kaymakci-35-yil-sonra-ilk-kez-anildi-41573325?fbclid=IwAR3nRwvoZZ4hf0jkVPe9ILJIXB_FGvO9K-f76Lr5TrfdQ15lnhvSbVJsdzk\">Mehmet Kaymak\u00e7\u0131, 35 y\u0131l sonra ilk kez an\u0131ld\u0131<\/a><\/strong> <strong>[<strong>H\u00fcrrivet<\/strong>] <\/strong><\/p>\n\n\n\n<p><\/p>\n\n\n\n<p>_______________________________________________________________________________<\/p>\n\n\n\n<p><strong>25. Temmusz 2021 &#8211; <a href=\"https:\/\/guzelankaram.com\/neonazi-kurbani-mehmet-kaymakci-icin-anit-tas-heykel-torenle-acildi\/?fbclid=IwAR1C4W5WnuypRY2ZhHMh9Ky57ogu6--9fIJ68siQvXD3KYw2pjIkPrOXIn4\">Neonazi kurban\u0131 Mehmet Kaymakc\u0131 i\u00e7in an\u0131t ta\u015f heykel t\u00f6renle a\u00e7\u0131ld\u0131 <\/a>[G\u00fczel Ankaram] <\/strong><\/p>\n\n\n\n<p><\/p>\n\n\n\n<p>_______________________________________________________________________________<\/p>\n\n\n\n<p><strong><strong>25. Juli 2021 &#8211;<a href=\"http:\/\/IwAR30WlqdRFsd3EPB7v_pRPVBIYSUOBet6wd1dSkFOUOr6QmljBXXrXvnOxA\"> \u2018O zaman \u00e7ocuktum&#8230; Haymana\u2019ya kara tabut geldi\u2019 <\/a>[H\u00fcrrivet] <\/strong><\/strong><\/p>\n\n\n\n<p><\/p>\n\n\n\n<p>_______________________________________________________________________________<\/p>\n\n\n\n<p><strong>23. Temmusz 2021 &#8211; <a href=\"https:\/\/medyaankara.com\/ankara-haberleri\/almanyada-neonaziler-tarafindan-oldurulen-ankara-haymanali-mehmet-kaymakci-icin-anit-ve-anma-toreni\/?fbclid=IwAR0I-KIRbZd6IoN6j95kTB8TKWmiWvw_hjN6JiaTlWjBJg8Qr68RT_FLzhI\">Almanya\u2019da Neonaziler taraf\u0131ndan \u00f6ld\u00fcr\u00fclen Ankara Haymanal\u0131 Mehmet Kaymak\u00e7\u0131 i\u00e7in an\u0131t ve anma t\u00f6reni<\/a><\/strong> <strong>[Medya Ankara]<\/strong><\/p>\n\n\n\n<p><\/p>\n\n\n\n<p>_______________________________________________________________________________<\/p>\n\n\n\n<p><strong>22. Temmusz 2021 &#8211; <\/strong><a href=\"https:\/\/www.hurriyet.com.tr\/avrupa\/mehmet-kaymakci-anisina-anit-heykel-41857977?fbclid=IwAR32u05VfxTfnHovV0lxtxoworrlAJprJClJy8sHKiCnLLWzXCj08QNfwMQ\"><strong>Mehmet Kaymakc\u0131 an\u0131s\u0131na an\u0131t heykel<\/strong> <\/a><strong>[H\u00fcrrivet]<\/strong><\/p>\n\n\n\n<p><\/p>\n\n\n\n<p>_______________________________________________________________________________<\/p>\n\n\n\n<p><strong>22. Temmusz 2021 &#8211; <\/strong><a href=\"https:\/\/www.avrupa-postasi.com\/almanya\/kaymakci-anisina-yapilan-heykel-torenle-acilacak-h109111.html\"><strong>Kaymakc\u0131 an\u0131s\u0131na yap\u0131lan heykel t\u00f6renle a\u00e7\u0131lacakl<\/strong> <\/a><strong><strong>[avrupa-postasi<\/strong>]<\/strong><\/p>\n\n\n\n<p><\/p>\n\n\n\n<p>_______________________________________________________________________________<\/p>\n\n\n\n<p><strong><strong>21. Temmusz 2021 &#8211; <a href=\"https:\/\/www.gazetehamburg.com\/irkcilik-kurbani-mehmet-kaymakci-anisina-anit-heykel-14314.html?fbclid=IwAR3H6akaeGCykIyfmfqVhl_ha6b71v8aXWdGEf8d4jfB9uuQQN4Aot9TXrw\">Irk\u00e7\u0131l\u0131k kurban\u0131 Mehmet Kaymakc\u0131 an\u0131s\u0131na an\u0131t heykel <\/a>[Gazete Hamburg]<\/strong> <\/strong><\/p>\n\n\n\n<p><\/p>\n\n\n\n<p>_______________________________________________________________________________<\/p>\n\n\n\n<p><strong>21. Temmusz 2021 &#8211;<\/strong><a href=\"https:\/\/elbeexpress.hamburg\/surmanset\/hamburgda-irkcilik-kurbani-mehmet-kaymakci-anisina-heykel\/?fbclid=IwAR2ODhS8QAx-6O9cUvXDm9V4Ley1v55JXPclzGgzH7Ml4Otgg2dG2gCMGXU\"><strong> Hamburg\u2019da Irk\u00e7\u0131l\u0131k kurban\u0131 Mehmet Kaymak\u00e7\u0131 an\u0131s\u0131na heykel!<\/strong> <\/a><strong>[Elbeexpress Hamburg]<\/strong><\/p>\n\n\n\n<p><\/p>\n\n\n\n<p>_______________________________________________________________________________<\/p>\n\n\n\n<p><strong>2. May\u0131s 2021 \u2013<a href=\"https:\/\/www.mopo.de\/podcast\/historischer-podcast-der-tag-an-dem-mehmet-kaymakci-brutal-ermordet-wurde-38347330-2\/\"> Historischer Podcast: Der Tag, an dem Mehmet Kaymak\u00e7i brutal ermordet wurde<\/a><\/strong> [Hamburger Morgenpost] <strong>(Almanca)<\/strong><\/p>\n\n\n\n<p><\/p>\n\n\n\n<p>\u201cHamburg&#8217;un tarihine kaz\u0131nan g\u00fcnler&#8230;\u201d Hamburger Morgenpost podcast&#8217;\u0131.<\/p>\n\n\n\n<p>Okuyan: Haberin yazar\u0131 Olaf Wunder.<\/p>\n\n\n\n<p><\/p>\n\n\n\n<p>24 Temmuz 1985, Mehmet Kaymak\u00e7\u0131&#8217;n\u0131n hayat\u0131n\u0131 kaybetti\u011fi g\u00fcnd\u00fc. Onu d\u00f6v\u00fcp, s\u00fcrekli y\u00fcz\u00fcne tekmeler att\u0131lar. Faillerin motifi kinden ba\u015fka bir \u015fey de\u011fildi. Mehmet Kaymak\u00e7\u0131 can \u00e7eki\u015firken, failler 94 kilogram a\u011f\u0131rl\u0131\u011f\u0131ndaki bir ta\u015f bloku kald\u0131r\u0131p, Kaymak\u00e7\u0131&#8217;n\u0131n \u00fczerine b\u0131rakt\u0131lar. Ta\u015f blok 29 ya\u015f\u0131ndaki T\u00fcrk duvarc\u0131 kalfas\u0131n\u0131n kafas\u0131n\u0131 parampar\u00e7a etti. 1980&#8217;li y\u0131llar \u0131rk\u00e7\u0131l\u0131k ve yabanc\u0131 d\u00fc\u015fmanl\u0131\u011f\u0131n\u0131n yo\u011fun ya\u015fand\u0131\u011f\u0131 d\u00f6nemdi. Federal Almanya bir ekonomik bir darbo\u011fazdayd\u0131 ve \u00fclkeye iltica i\u00e7in ba\u015fvuranlar\u0131n say\u0131s\u0131 h\u0131zla artmaktayd\u0131. Ayn\u0131 zamanda bir \u00e7ok \u201cGastarbeiter\u201d \u00fclkelerinde kalan aile \u00fcyelerini yanlar\u0131na getirmeye ba\u015flam\u0131\u015flard\u0131. \u0130\u015fsizli\u011fin artt\u0131\u011f\u0131 oranda halk\u0131n bir kesminde yabanc\u0131 d\u00fc\u015fman\u0131 sald\u0131rganl\u0131k da art\u0131yordu. Onlarda \u201cYabanc\u0131lar elimizden i\u015fimizi al\u0131yorlar\u201d \u015feklinde mant\u0131k d\u0131\u015f\u0131 bir korku hakimdi. Siyaset ve bas\u0131n\u0131n baz\u0131 akt\u00f6rleri ate\u015fe benzin d\u00f6kercesine bu \u0131rk\u00e7\u0131 havay\u0131 s\u00f6zde sahte ilticac\u0131lara kar\u015f\u0131 kampanyalarla daha alevlendiriyorlard\u0131. \u201c\u0130lticac\u0131 asalaklar\u201d, \u201cekonomi m\u00fcltecileri\u201d deniliyordu. Bu ortam a\u015f\u0131r\u0131 sa\u011fc\u0131lar i\u00e7in bulunmaz bir nimetti. 22 A\u011fustos 1980&#8217;de Neonaziler Billwerder&#8217;deki Halskestrasse&#8217;de bulunan m\u00fclteciler yurduna sald\u0131rarak, iki gen\u00e7 Vietnaml\u0131 m\u00fclteciyi katlettiler. Haziran 1982&#8217;de, Norderstedt&#8217;te 26 ya\u015f\u0131ndaki T\u00fcrk Tevfik G\u00fcrel, bir Alman k\u0131zla konu\u015fmak istedi\u011fi i\u00e7in, bir diskotek \u00f6n\u00fcnde katledildi. Ayn\u0131 y\u0131l, 17 Ekimde 16 ya\u015f\u0131ndaki Adrian Maleika \u2013 Werder Bremen taraftar\u0131 ve Yukar\u0131 \u015elezyal\u0131 g\u00f6\u00e7men ailenin o\u011flu &#8211; a\u015f\u0131r\u0131 sa\u011fc\u0131 HSV taraftarlar\u0131 olan holiganlar taraf\u0131ndan Volkspark Stadyumu yak\u0131nda d\u00f6v\u00fclerek \u00f6ld\u00fcr\u00fcld\u00fc.<\/p>\n\n\n\n<p>Ve Mehmet Kaymak\u00e7\u0131&#8230;1980 y\u0131l\u0131nda, amcas\u0131yla beraber Almanya&#8217;ya gelmi\u015fti ve mide \u00fclserine yakalanana kadar in\u015faatlarda \u00e7al\u0131\u015f\u0131yordu. Hastal\u0131\u011f\u0131 nedeniyle i\u015fsizdi. Alman e\u015fi Gisela, Kaymak\u00e7\u0131&#8217;n\u0131n moral bozuklu\u011fundan i\u00e7meye ba\u015flad\u0131\u011f\u0131n\u0131 anlat\u0131yor. 24 Temmuz 1985 ak\u015fam\u0131 da Fibigerstrasse \u00fczerinde bulunan \u201cBei Ronnie\u201d isimli lokalde bira i\u00e7iyordu. En b\u00fcy\u00fck talihsizli\u011fi, o ak\u015fam orada 20 ya\u015f\u0131ndaki Frank-Uwe P., 19 ya\u015f\u0131ndaki Mario B. ve 20 ya\u015f\u0131ndaki Bernd M. isimli ki\u015filerin lokalde bira i\u00e7iyor olmalar\u0131yd\u0131. Eski bir s\u0131n\u0131r g\u00fcvenlik polisi olan Frank-Uwe P.&#8217;n\u0131n kapsaml\u0131 bir Neonazi ge\u00e7mi\u015fine sahipti ve polis taraf\u0131ndan \u015fiddet e\u011filimli militan bir HSV taraftar\u0131 olarak biliniyordu. HSV ma\u00e7lar\u0131nda ve Gelsenkirchen&#8217;deki bir Schalke ma\u00e7\u0131 sonras\u0131 a\u00e7\u0131kca Hitler selam\u0131n\u0131 g\u00f6stermi\u015fti. Bir defas\u0131nda da ba\u015fka Neonazi dazlaklar ile, punkc\u0131lar ve ev i\u015fgalcilerini d\u00f6vmek i\u00e7in St. Pauli&#8217;deki Hafenstrasse&#8217;ye gitmi\u015fti. Polis son anda bunu engelleyebilmi\u015fti. S\u00f6z konusu ak\u015fam, \u00fc\u00e7 gen\u00e7 Alman ve Mehmet Kaymak\u00e7\u0131 aras\u0131nda kavga meydana geldi. S\u00f6zl\u00fc sata\u015fmada konunun Almanya yabanc\u0131lar politikas\u0131 oldu\u011fu ifade ediliyor. Kavga ilk etapta at\u0131\u015fmada kald\u0131. Ama Mehmet Kaymak\u00e7\u0131 sabaha do\u011fru eve gitmek i\u00e7in lokali terk ederken, biri bisikletle olmak \u00fczere, \u00fc\u00e7 fail kendisini takip etti. Hohe Liedt soka\u011f\u0131nda Frank-Uwe P., Mario B. ve Bernd M., T\u00fcrk&#8217;\u00fc gaddarca d\u00f6vmeye ba\u015flad\u0131lar. Yere y\u0131\u011f\u0131l\u0131p can \u00e7eki\u015fen adam\u0131 bir \u00e7al\u0131l\u0131\u011f\u0131n arkas\u0131na \u00e7ekerek, d\u00f6vmeye devam ettiler. Kurbanlar\u0131n\u0131 tamam\u0131yla susturmak fikri Frank-Uwe P.&#8217;den \u00e7\u0131kt\u0131. Frank-Uwe P. daha sonra mahkemede di\u011fer T\u00fcrklerin intikam\u0131ndan korktuklar\u0131 i\u00e7in Kaymak\u00e7\u0131&#8217;y\u0131 susturmaya karar verdiklerini s\u00f6yleyecekti. Ta\u015f bloku g\u00f6ren ve di\u011ferlerine \u201cGelin tutun \u015funu\u201d diyen Bernd M. idi. Mario B. kat\u0131lmak istemedi, Frank-Uwe P. de teredd\u00fct i\u00e7indeydi. Bernd M. \u201cBen seni onurlu bir dazlak san\u0131yordum, yard\u0131m etmezsen vatan hainisin\u201d s\u00f6zleriyle di\u011ferlerini onurlar\u0131ndan, daha do\u011frusu onur oldu\u011funa inand\u0131\u011f\u0131ndan yakalayarak, ikna etti. B\u00f6ylece T\u00fcrk&#8217;\u00fcn kaderi belirlenmi\u015fti. Mehmet Kaymak\u00e7\u0131 saat 04:00&#8217;e do\u011fru hayat\u0131 kaybetti. Bisikletiyle i\u015fe gitmekte olan bir hasta bak\u0131c\u0131, saat 05:00 gibi Kaymak\u00e7\u0131&#8217;n\u0131n cesedini buldu. K\u0131sa bir s\u00fcre sonra failler yakaland\u0131. Frank-Uwe P. ilk ifadesinde, \u201cT\u00fcrk&#8217;\u00fcn i\u015fini bitirmek istedik\u201d dedi. Buna ra\u011fmen siyaset ve adalet birimlerinin \u00e7abas\u0131, olay\u0131 ray\u0131ndan \u00e7\u0131km\u0131\u015f bir lokal kavgas\u0131 olarak yans\u0131tmakt\u0131. Siyasi motifli su\u00e7larda rutin oldu\u011fu gibi polisin devlet koruma birimi de\u011fil, cinayet masas\u0131 soru\u015fturmay\u0131 \u00fcstlenmi\u015fti. Mahkemede savc\u0131 da cinayetin siyasi boyutuna hi\u00e7 de\u011finmedi. Faillerin Neonazi dazlaklarla olan ba\u011flant\u0131lar\u0131 es ge\u00e7ildi. San\u0131klar yaralamak suretiyle \u00f6l\u00fcme sebebiyet verme ve cinayete te\u015febb\u00fcs su\u00e7lar\u0131ndan ceza ald\u0131lar. \u0130ki san\u0131k 8 y\u0131l, biri 7 y\u0131l hapis cezas\u0131 yedi. Mehmet Kaymak\u00e7\u0131 cinayetinin \u00fczerinden daha alt\u0131 ay ge\u00e7meden Neonazi dazlaklar, Landwehr tren istasyonu yak\u0131n\u0131nda, i\u00e7inde bulunduklar\u0131 lokalin \u00f6n\u00fcnden ge\u00e7en 26 ya\u015f\u0131ndaki Ramazan Avc\u0131&#8217;ya sald\u0131rd\u0131lar. Ramazan Avc\u0131, 30 kadar Neonazi taraf\u0131ndan caddede kovaland\u0131 ve sopalarla bay\u0131lana kadar d\u00f6v\u00fcld\u00fc. Ramazan Avc\u0131 24 Aral\u0131k 1985&#8217;de kald\u0131r\u0131ld\u0131\u011f\u0131 hastanede hayat\u0131n\u0131 kaybetti. Bu sefer de siyaset\u00e7iler olay\u0131n siyasi y\u00f6n\u00fcn\u00fcn bulunmad\u0131\u011f\u0131n\u0131 \u00f6ne s\u00fcrd\u00fc. D\u00f6nemin SPD&#8217;li \u0130\u00e7i\u015fleri Senat\u00f6r\u00fc \u201cOlay m\u00fcnferit bir vakad\u0131r\u201d dedi. Muhalefet partisi lideri, CDU&#8217;lu Hartmut Perschau, olay\u0131n yabanc\u0131 d\u00fc\u015fmanl\u0131\u011f\u0131 g\u00fcd\u00fcs\u00fcyle i\u015flendi\u011fine inanmad\u0131\u011f\u0131n\u0131 s\u00f6yledi. Ona g\u00f6re Ramazan Avc\u0131 tesad\u00fcfen kurban olmu\u015ftu. Ama Hamburglu \u201cGastarbeiter\u201din tecr\u00fcbeleri bamba\u015fkayd\u0131. Gen\u00e7 ve \u00f6fkeli T\u00fcrk gen\u00e7leri art\u0131k kurban olmak istemiyorlard\u0131. Tersine \u0131rk\u00e7\u0131 \u015fiddete kar\u015f\u0131 koymak istiyorlard\u0131. Bu nedenle biraya gelip sokak \u00e7eteleri olu\u015fturdular. \u00c7e\u015fitli mahallelerde \u00f6z savunma komiteleri olu\u015fturdular. Ocak 1986&#8217;da Neuwiedenthal semtinde T\u00fcrk ve Neonaziler aras\u0131nda yo\u011fun \u00e7at\u0131\u015fmalar ya\u015fand\u0131. Bir Alman\u0131 a\u011f\u0131r yaralad\u0131\u011f\u0131 iddias\u0131yla bir T\u00fcrk genci tutukland\u0131. Tutuklamaya tepki olarak Winterhude, Harburg, Barmbek, Steilshoop, Billstedt, Bergedorf, Wilhelmsburg, Altona, St. Georg ve Karolinenviertel semtleri \u00f6z savunma komiteleri ortak bir bildiri yay\u0131nlad\u0131lar. Bildiride, yabanc\u0131lar\u0131n her g\u00fcn Neonazi-fa\u015fist sald\u0131r\u0131larla kar\u015f\u0131 kar\u015f\u0131ya kald\u0131\u011f\u0131n\u0131n ama komitelerin amac\u0131n\u0131n bar\u0131\u015f\u00e7\u0131l yollarla \u0131rk\u00e7\u0131l\u0131k ve yabanc\u0131 d\u00fc\u015fmanl\u0131\u011f\u0131 ile m\u00fccadele etmek oldu\u011funu, ancak sald\u0131r\u0131ya u\u011frama durumunda \u00f6z savunma hakk\u0131n\u0131 sakl\u0131 tutacaklar\u0131n\u0131 ve bunun en do\u011fal haklar\u0131n\u0131 oldu\u011funu belirttiler.<\/p>\n\n\n\n<p>Hamburg&#8217;u ve tarihini seven herkes i\u00e7in bir dipnot; tarih dergisi \u201cUnser Hamburg\u201dun yeni say\u0131s\u0131 \u00e7\u0131kt\u0131. Gazete bayilerinden temin edebilirsiniz. 130 sayfada kent tarihi canl\u0131 ve s\u00fcr\u00fckleyici bir dille anlat\u0131l\u0131yor. Derginin fiyat\u0131 8,95 avro.<\/p>\n\n\n\n<p>\u201cHamburg&#8217;un tarihine kaz\u0131nan g\u00fcnler&#8230;\u201d i dinlediniz. Her yeni b\u00f6l\u00fcm\u00fc cumartesi g\u00fcnleri gazeteniz Mopo&#8217;da okuyabilir ve podcast \u00fczerinden dinleyebilirsiniz. Hamburg tarihiyle ilgili daha fazlas\u0131na, \u00f6rne\u011fin bu diziyle ilgili kitab\u0131 veya \u201cUnser Hamburg\u201d dergisini Mopo-Shop online sitesine <a href=\"http:\/\/www.mopo-shop.de\/\">www.mopo-shop.de<\/a> adresinden temin edebilirsiniz.<\/p>\n\n\n\n<p><\/p>\n\n\n\n<p>_______________________________________________________________________________<\/p>\n\n\n\n<p><strong><strong>27. <strong>Temmusz<\/strong> 2020 &#8211; <a href=\"https:\/\/kilimgazetesi.de\/haber\/mehmet-kaymakci-35-yil-sonra-ilk-kez-anildi-30411.html?fbclid=IwAR0anlwcGW0xfg3lvqIXw5u14JVyelqE6lKu7bGK3SKnbN_i6aee8W2gQ8Q\">Mehmet Kaymak\u00e7\u0131 35 y\u0131l sonra ilk kez an\u0131ld\u0131 <\/a><\/strong>[Kilim gazetesi]<\/strong><\/p>\n\n\n\n<p>_______________________________________________________________________________<\/p>\n\n\n\n<p><strong>26. Temmusz 2020 &#8211; Mehmet Kaymak\u00e7\u0131, 35 y\u0131l sonra ilk kez an\u0131ld\u0131 [Sabah]<\/strong><\/p>\n\n\n\n<figure class=\"wp-block-image size-large\"><img loading=\"lazy\" decoding=\"async\" width=\"1024\" height=\"1017\" src=\"https:\/\/mehmet-kaymakci.de\/wp-content\/uploads\/2021\/07\/2020-07-27_SABAH-Tageszeitung-1-1024x1017.jpg\" alt=\"\" class=\"wp-image-555\" srcset=\"https:\/\/mehmet-kaymakci.de\/wp-content\/uploads\/2021\/07\/2020-07-27_SABAH-Tageszeitung-1-1024x1017.jpg 1024w, https:\/\/mehmet-kaymakci.de\/wp-content\/uploads\/2021\/07\/2020-07-27_SABAH-Tageszeitung-1-300x298.jpg 300w, https:\/\/mehmet-kaymakci.de\/wp-content\/uploads\/2021\/07\/2020-07-27_SABAH-Tageszeitung-1-150x150.jpg 150w, https:\/\/mehmet-kaymakci.de\/wp-content\/uploads\/2021\/07\/2020-07-27_SABAH-Tageszeitung-1-768x763.jpg 768w, https:\/\/mehmet-kaymakci.de\/wp-content\/uploads\/2021\/07\/2020-07-27_SABAH-Tageszeitung-1-1536x1526.jpg 1536w, https:\/\/mehmet-kaymakci.de\/wp-content\/uploads\/2021\/07\/2020-07-27_SABAH-Tageszeitung-1-2048x2034.jpg 2048w\" sizes=\"auto, (max-width: 1024px) 100vw, 1024px\" \/><\/figure>\n\n\n\n<p>_______________________________________________________________________________<\/p>\n\n\n\n<p><strong><strong>26. Temmusz 2020 &#8211; <\/strong><a href=\"https:\/\/www.hurriyet.com.tr\/avrupa\/mehmet-kaymakci-35-yil-sonra-ilk-kez-anildi-41573325\">Mehmet Kaymak\u00e7\u0131, 35 y\u0131l sonra ilk kez an\u0131ld\u0131<\/a> [H\u00fcrrivet]<\/strong><\/p>\n\n\n\n<p><\/p>\n\n\n\n<p>_______________________________________________________________________________<\/p>\n\n\n\n<p><strong>26. Temmusz 2020 &#8211; <a href=\"https:\/\/www.avrupa-postasi.com\/hamburg\/irkcilik-kurbani-kaymakci-35-yil-sonra-ilk-kez-anildi-h107300.html\">Irk\u00e7\u0131l\u0131k kurban\u0131 Kaymak\u00e7\u0131 35 y\u0131l sonra ilk kez an\u0131ld\u0131<\/a><\/strong> <strong>[avrupa-postasi<\/strong>] <\/p>\n\n\n\n<p><\/p>\n\n\n\n<p>____________________________________________________________________________<\/p>\n\n\n\n<p><strong>22. <strong>May\u0131s<\/strong> 2020 &#8211; [POST]<\/strong> <\/p>\n\n\n\n<figure class=\"wp-block-image size-full\"><img loading=\"lazy\" decoding=\"async\" width=\"313\" height=\"380\" src=\"https:\/\/mehmet-kaymakci.de\/wp-content\/uploads\/2021\/07\/5.-22.05.2020_POST-aktuell-von-22.05.2020_Gedenktafel.jpg\" alt=\"\" class=\"wp-image-395\" srcset=\"https:\/\/mehmet-kaymakci.de\/wp-content\/uploads\/2021\/07\/5.-22.05.2020_POST-aktuell-von-22.05.2020_Gedenktafel.jpg 313w, https:\/\/mehmet-kaymakci.de\/wp-content\/uploads\/2021\/07\/5.-22.05.2020_POST-aktuell-von-22.05.2020_Gedenktafel-247x300.jpg 247w\" sizes=\"auto, (max-width: 313px) 100vw, 313px\" \/><\/figure>\n\n\n\n<p>_______________________________________________________________________________<\/p>\n\n\n\n<p><strong>3. Ocak 2013 &#8211; Am 24. Juli 1985 haben Nazis Mehmet Kaymakc\u0131 auf offener Stra\u00dfe erschlagen.<\/strong> <strong>(Almanca)<\/strong><br><a rel=\"noreferrer noopener\" href=\"https:\/\/www.hamburg-global.de\/v1.0\/placemarks\/87\" target=\"_blank\">Webmap Hamburg Global, 03.01.2013<\/a><\/p>\n\n\n\n<p><\/p>\n\n\n\n<p>______________________________________________________________________________<\/p>\n\n\n\n<p><strong>27. Temmusz 1985 &#8211; Geh\u00f6rt einer der T\u00e4ter zu den Neo-Nazis?<\/strong> [Hamburger Abendblatt] <strong>(Almanca)<\/strong><\/p>\n\n\n\n<p><\/p>\n\n\n\n<p><\/p>\n","protected":false},"excerpt":{"rendered":"<p>27. Temmusz 2021 &#8211; Hamburg\u2019da neonazilerin katletti\u011fi i\u015f\u00e7i Mehmet Kaymak\u00e7\u0131\u2019n\u0131n an\u0131t\u0131 dikildi: Art\u0131k unutulmayacak! [Birg\u00fcn] _______________________________________________________________________________ 26. Temmusz 2021 &#8211; Mehmet Kaymak\u00e7\u0131, 35 y\u0131l sonra ilk kez an\u0131ld\u0131 [H\u00fcrrivet] _______________________________________________________________________________ 25. Temmusz 2021 &#8211; Neonazi kurban\u0131 Mehmet Kaymakc\u0131 i\u00e7in an\u0131t ta\u015f heykel t\u00f6renle a\u00e7\u0131ld\u0131 [G\u00fczel Ankaram] _______________________________________________________________________________ 25. Juli 2021 &#8211; \u2018O zaman \u00e7ocuktum&#8230; Haymana\u2019ya [&hellip;]<\/p>\n","protected":false},"author":1,"featured_media":0,"parent":0,"menu_order":4,"comment_status":"closed","ping_status":"open","template":"","meta":{"_coblocks_attr":"","_coblocks_dimensions":"","_coblocks_responsive_height":"","_coblocks_accordion_ie_support":"","hide_page_title":"","footnotes":""},"class_list":["post-172","page","type-page","status-publish","hentry"],"_links":{"self":[{"href":"https:\/\/mehmet-kaymakci.de\/tr\/wp-json\/wp\/v2\/pages\/172","targetHints":{"allow":["GET"]}}],"collection":[{"href":"https:\/\/mehmet-kaymakci.de\/tr\/wp-json\/wp\/v2\/pages"}],"about":[{"href":"https:\/\/mehmet-kaymakci.de\/tr\/wp-json\/wp\/v2\/types\/page"}],"author":[{"embeddable":true,"href":"https:\/\/mehmet-kaymakci.de\/tr\/wp-json\/wp\/v2\/users\/1"}],"replies":[{"embeddable":true,"href":"https:\/\/mehmet-kaymakci.de\/tr\/wp-json\/wp\/v2\/comments?post=172"}],"version-history":[{"count":23,"href":"https:\/\/mehmet-kaymakci.de\/tr\/wp-json\/wp\/v2\/pages\/172\/revisions"}],"predecessor-version":[{"id":637,"href":"https:\/\/mehmet-kaymakci.de\/tr\/wp-json\/wp\/v2\/pages\/172\/revisions\/637"}],"wp:attachment":[{"href":"https:\/\/mehmet-kaymakci.de\/tr\/wp-json\/wp\/v2\/media?parent=172"}],"curies":[{"name":"wp","href":"https:\/\/api.w.org\/{rel}","templated":true}]}}