{"id":243,"date":"2021-04-22T22:13:18","date_gmt":"2021-04-22T22:13:18","guid":{"rendered":"https:\/\/mehmet-kaymakci.de\/?page_id=243"},"modified":"2021-05-18T13:51:27","modified_gmt":"2021-05-18T13:51:27","slug":"links","status":"publish","type":"page","link":"https:\/\/mehmet-kaymakci.de\/tr\/links","title":{"rendered":"Linkler"},"content":{"rendered":"\n<p>Burak Bekta\u015f cinayetini soru\u015fturma \u0130nisiyatifi<br><a rel=\"noreferrer noopener\" href=\"https:\/\/burak.blackblogs.org\/2020\/07\/24\/in-gedenken-an-mehmet-kaymakci\/\" target=\"_blank\">https:\/\/burak.blackblogs.org\/2020\/07\/24\/in-gedenken-an-mehmet-kaymakci\/<\/a><\/p>\n","protected":false},"excerpt":{"rendered":"<p>Burak Bekta\u015f cinayetini soru\u015fturma \u0130nisiyatifihttps:\/\/burak.blackblogs.org\/2020\/07\/24\/in-gedenken-an-mehmet-kaymakci\/<\/p>\n","protected":false},"author":1,"featured_media":0,"parent":0,"menu_order":0,"comment_status":"closed","ping_status":"closed","template":"","meta":{"_coblocks_attr":"","_coblocks_dimensions":"","_coblocks_responsive_height":"","_coblocks_accordion_ie_support":"","hide_page_title":"","footnotes":""},"class_list":["post-243","page","type-page","status-publish","hentry"],"_links":{"self":[{"href":"https:\/\/mehmet-kaymakci.de\/tr\/wp-json\/wp\/v2\/pages\/243","targetHints":{"allow":["GET"]}}],"collection":[{"href":"https:\/\/mehmet-kaymakci.de\/tr\/wp-json\/wp\/v2\/pages"}],"about":[{"href":"https:\/\/mehmet-kaymakci.de\/tr\/wp-json\/wp\/v2\/types\/page"}],"author":[{"embeddable":true,"href":"https:\/\/mehmet-kaymakci.de\/tr\/wp-json\/wp\/v2\/users\/1"}],"replies":[{"embeddable":true,"href":"https:\/\/mehmet-kaymakci.de\/tr\/wp-json\/wp\/v2\/comments?post=243"}],"version-history":[{"count":4,"href":"https:\/\/mehmet-kaymakci.de\/tr\/wp-json\/wp\/v2\/pages\/243\/revisions"}],"predecessor-version":[{"id":344,"href":"https:\/\/mehmet-kaymakci.de\/tr\/wp-json\/wp\/v2\/pages\/243\/revisions\/344"}],"wp:attachment":[{"href":"https:\/\/mehmet-kaymakci.de\/tr\/wp-json\/wp\/v2\/media?parent=243"}],"curies":[{"name":"wp","href":"https:\/\/api.w.org\/{rel}","templated":true}]}}