{"id":264,"date":"2021-04-22T22:25:35","date_gmt":"2021-04-22T22:25:35","guid":{"rendered":"https:\/\/mehmet-kaymakci.de\/?page_id=264"},"modified":"2021-07-20T15:58:00","modified_gmt":"2021-07-20T15:58:00","slug":"malzeme","status":"publish","type":"page","link":"https:\/\/mehmet-kaymakci.de\/tr\/malzeme","title":{"rendered":"Malzeme"},"content":{"rendered":"\n<p>26.03.2019 &#8211; 17:44, Son G\u00fcncelleme: 26.03.2019 &#8211; 17:45<\/p>\n\n\n\n<p>Kemal Do\u011fan \/ <a href=\"https:\/\/www.hamburghaber.de\/\">Hamburg Haber<\/a><\/p>\n\n\n\n<p><strong>34 y\u0131l \u00f6nce beton blokla kafas\u0131 ezilmi\u015fti! Yak\u0131nlar\u0131 aran\u0131yor<\/strong><\/p>\n\n\n\n<p>Hamburg\u2019un Langenhorn semtinde 24 Temmuz 1985 y\u0131l\u0131nda \u00fc\u00e7 Neonazi taraf\u0131ndan kafas\u0131 beton blokla ezilerek \u00f6ld\u00fcr\u00fclen Mehmet Kaymak\u00e7\u0131\u2019n\u0131n an\u0131s\u0131na d\u00fczenlenecek t\u00f6ren i\u00e7in kurban\u0131n yak\u0131nlar\u0131 aran\u0131yor.<\/p>\n\n\n\n<p>ALMANYA\u2019da yabanc\u0131 d\u00fc\u015fmanl\u0131\u011f\u0131n\u0131n ortal\u0131\u011f\u0131 kas\u0131p kavurdu\u011fu 1980\u2019li y\u0131llarda kentin <a href=\"http:\/\/www.hurriyet.com.tr\/haberleri\/langenhorn\" target=\"_blank\" rel=\"noreferrer noopener\">Langenhorn<\/a> semtinde, 24 Temmuz 1985\u2019de Neonaziler taraf\u0131ndan \u00f6ld\u00fcr\u00fclen 29 ya\u015f\u0131ndaki <a href=\"http:\/\/www.hurriyet.com.tr\/haberleri\/mehmet-kaymakci\" target=\"_blank\" rel=\"noreferrer noopener\">Mehmet Kaymak\u00e7\u0131<\/a>\u2019n\u0131n an\u0131s\u0131na semtin ba\u011fl\u0131 oldu\u011fu Nord \u0130l\u00e7esi an\u0131t levhas\u0131 dikme ve t\u00f6ren d\u00fczenleme karar\u0131 ald\u0131. \u0130l\u00e7e Belediye Meclisinde bulunan SPD, CDU, Ye\u015filler, Sol Parti ve FDP\u2019nin ortak \u00f6nergesiyle kabul edilen an\u0131t levha i\u00e7in b\u00fct\u00e7eden 5 bin Euro ayr\u0131lmas\u0131 kararla\u015ft\u0131r\u0131ld\u0131. An\u0131t levhan\u0131n Kaymak\u00e7\u0131\u2019n\u0131n katledildi\u011fi Hohe Liedt soka\u011f\u0131na 24 Temmuzda t\u00f6renle as\u0131lmas\u0131 planlan\u0131yor.<\/p>\n\n\n\n<p>Kaymak\u00e7\u0131 ans\u0131na bug\u00fcne kadar hi\u00e7 bir \u015fey yap\u0131lmad\u0131\u011f\u0131na dikkat \u00e7eken <a href=\"http:\/\/www.hurriyet.com.tr\/haberleri\/hamburg\" target=\"_blank\" rel=\"noreferrer noopener\">Hamburg<\/a>-Nord Belediye Meclisi, \u00e7ok ge\u00e7 kal\u0131nm\u0131\u015f olsa da Kaymak\u00e7\u0131\u2019y\u0131 anmak istediklerini kaydetti.<\/p>\n\n\n\n<p>A\u0130LEDEN B\u0130R\u0130 DE OLSUN<br>Irk\u00e7\u0131 cinayet kurbanlar\u0131n\u0131n an\u0131lmas\u0131 i\u00e7in Hamburg\u2019da 2010\u2019den beri faaliyet g\u00f6steren ve 21 Aral\u0131k 1985\u2019te \u00f6ld\u00fcr\u00fclen Ramazan Avc\u0131\u2019n\u0131n isminin katledildi\u011fi yere verilmesini sa\u011flayan Ramazan Avc\u0131 \u0130nisiyatifi \u00fcyesi G\u00fcrsel Y\u0131ld\u0131r\u0131m, \u201cLevha ve t\u00f6ren i\u00e7in Mehmet Kaymak\u00e7\u0131\u2019n\u0131n yak\u0131nlar\u0131na ula\u015fmaya \u00e7al\u0131\u015f\u0131yoruz. Elimizde hen\u00fcz hi\u00e7 bir bilgi olmad\u0131\u011f\u0131 i\u00e7in, Mehmet Kaymak\u00e7\u0131\u2019y\u0131 veya yak\u0131nlar\u0131n\u0131 tan\u0131yanlar 0176 659 005 44 numaral\u0131 telefondan bize ula\u015fabilirler. T\u00f6reninde mutlaka aileden birinin olmas\u0131 d\u00fc\u015f\u00fcncesindeyiz\u201d dedi<\/p>\n\n\n\n<p>\u0130\u015e D\u00d6N\u00dc\u015e\u00dc PE\u015e\u0130NE D\u00dc\u015eT\u00dcLER<br>Duvarc\u0131 ustas\u0131 olarak \u00e7al\u0131\u015fan ve 24 Temmuz 1985\u2019de i\u015f d\u00f6n\u00fc\u015f\u00fc u\u011frad\u0131\u011f\u0131 \u2018Bei Ronnie\u2019 adl\u0131 lokalde \u00fc\u00e7 neonazi taraf\u0131ndan a\u011f\u0131r hakaretlere u\u011frayan Kaymak\u00e7\u0131, lokali terk ederek evin yolunu tuttu. Takip eden \u00fc\u00e7 neonazi Hohe Liedt soka\u011f\u0131nda Kaymak\u00e7\u0131\u2019y\u0131 bay\u0131lana kadar d\u00f6v\u00fcp, yol kenar\u0131ndaki Kwittsmoor Park\u0131n\u0131n \u00e7al\u0131l\u0131klar\u0131na s\u00fcr\u00fckledi. Mahkeme tutanaklar\u0131na g\u00f6re 94 kg a\u011f\u0131rl\u0131\u011f\u0131ndaki bir beton plakay\u0131 kald\u0131r\u0131p, Kaymak\u00e7\u0131\u2019n\u0131n kafas\u0131na b\u0131rakt\u0131lar. Irk\u00e7\u0131l\u0131k motifinin g\u00f6zard\u0131 edildi\u011fi davada katiller Frank-Uwe P. (20), Mario B. (19) ve Bernd M. (20) gen\u00e7lik ceza yasalar\u0131 kapsam\u0131ndaki hafif cezalarla kurtuldular.<\/p>\n\n\n\n<p>Kaynak: <a href=\"http:\/\/www.hurriyet.com.tr\/avrupa\/34-yil-once-beton-blokla-kafasi-ezilmisti-yakinlari-araniyor-41162673\">http:\/\/www.hurriyet.com.tr\/avrupa\/34-yil-once-beton-blokla-kafasi-ezilmisti-yakinlari-araniyor-41162673<\/a><\/p>\n\n\n\n<p><strong>Hamburg\u2019da \u0131rk\u00e7\u0131l\u0131k kurban\u0131 Mehmet Kaymak\u00e7\u0131\u2019n\u0131n yak\u0131nlar\u0131 aran\u0131yor<\/strong><\/p>\n\n\n\n<p>Hamburg&#8217;un Langenhorn semtinde 24 Temmuz 1985 y\u0131l\u0131nda \u00fc\u00e7 Neonazi taraf\u0131ndan \u00f6ld\u00fcr\u00fclen Mehmet Kaymak\u00e7\u0131&#8217;n\u0131n an\u0131s\u0131na d\u00fczenlenecek t\u00f6ren i\u00e7in kurban\u0131n yak\u0131nlar\u0131 aran\u0131yor.<\/p>\n\n\n\n<p><\/p>\n\n\n\n<p><strong>Hamburg Haber \u2013<\/strong> Almanya\u2019da yabanc\u0131 d\u00fc\u015fmanl\u0131\u011f\u0131n\u0131n ortal\u0131\u011f\u0131 kas\u0131p kavurdu\u011fu 1980li y\u0131llarda kentin Langenhorn semtinde, 24 Temmuz 1985\u2019de Neonaziler taraf\u0131ndan \u00f6ld\u00fcr\u00fclen 29 ya\u015f\u0131ndaki Mehmet Kaymak\u00e7\u0131\u2019n\u0131n an\u0131s\u0131na semtin ba\u011fl\u0131 oldu\u011fu Hamburg Nord \u0130l\u00e7esi an\u0131t levhas\u0131 dikme ve t\u00f6ren d\u00fczenleme karar\u0131 ald\u0131.<\/p>\n\n\n\n<p>\u0130l\u00e7e Belediye Meclisinde bulunan SPD, CDU, Ye\u015filler, Sol Parti ve FDP\u2019nin ortak \u00f6nergesiyle kabul edilen ve an\u0131t levha i\u00e7in il\u00e7e b\u00fct\u00e7esinden 5 bin avro ayr\u0131lmas\u0131n\u0131 kararla\u015ft\u0131ran \u00f6nerge do\u011frultusunda, Kaymak\u00e7\u0131\u2019n\u0131n katledildi\u011fi Hohe Liedt soka\u011f\u0131na, an\u0131t levhan\u0131n 24 Temmuzda t\u00f6renle as\u0131lmas\u0131 planlan\u0131yor.<\/p>\n\n\n\n<p><strong>Mehmet Kaymak\u00e7\u0131\u2019n\u0131n yak\u0131nlar\u0131 aran\u0131yor<\/strong><\/p>\n\n\n\n<p>Irk\u00e7\u0131 cinayete kurban giden Mehmet Kaymak\u00e7\u0131\u2019n\u0131n ans\u0131na ge\u00e7mi\u015fte hi\u00e7 bir \u015fey yap\u0131lmad\u0131\u011f\u0131na dikkat \u00e7eken Hamburg-Nord Belediye Meclisi, \u00e7ok ge\u00e7 kal\u0131nm\u0131\u015f olsa da Kaymak\u00e7\u0131\u2019y\u0131 anmak istediklerini kaydettiler.<\/p>\n\n\n\n<p>Irk\u00e7\u0131 cinayet kurbanlar\u0131n\u0131n an\u0131lmas\u0131 i\u00e7in Hamburg\u2019da 2010\u2019den beri faaliyet g\u00f6steren ve 21 Aral\u0131k 1985\u2019de \u00f6ld\u00fcr\u00fclen Ramazan Avc\u0131\u2019n\u0131n ad\u0131n\u0131n katledildi\u011fi yere verilmesini sa\u011flayan Ramazan Avc\u0131 \u0130nisiyatifi \u00fcyesi G\u00fcrsel Y\u0131ld\u0131r\u0131m, \u201c\u0130l\u00e7e meclisi \u00fcyeleriyle irtibattay\u0131z. Levha ve t\u00f6ren i\u00e7in Mehmet Kaymak\u00e7\u0131\u2019n\u0131n yak\u0131nlar\u0131na ula\u015fmaya \u00e7al\u0131\u015f\u0131yoruz. Elimizde hen\u00fcz hi\u00e7 bir bilgi olmad\u0131\u011f\u0131 i\u00e7in, Mehmet Kaymak\u00e7\u0131\u2019y\u0131 veya yak\u0131nlar\u0131n\u0131 tan\u0131yanlar 0176 659 005 44 numaral\u0131 telefondan veya Guersel2@gmx.de e-posta adresinden bana ula\u015fabilirler. B\u00f6yle bir anma t\u00f6reninde mutlaka aileden birinin olmas\u0131 d\u00fc\u015f\u00fcncesindeyiz\u201d diye konu\u015ftu.<\/p>\n\n\n\n<p><strong>Betonarme plakayla kafas\u0131n\u0131 par\u00e7alad\u0131lar<\/strong><\/p>\n\n\n\n<p>Duvarc\u0131 ustas\u0131 olarak \u00e7al\u0131\u015fan ve 24 Temmuz 1985\u2019de i\u015f d\u00f6n\u00fc\u015f\u00fc u\u011frad\u0131\u011f\u0131 \u201cBei Ronnie\u201d adl\u0131 lokalde \u00fc\u00e7 Neonazi taraf\u0131ndan a\u011f\u0131r hakaretlere u\u011frayan Kaymak\u00e7\u0131, lokali terk ederek evin yolunu tuttu. Kendsini takip eden \u00fc\u00e7 Neonazi Hohe Liedt soka\u011f\u0131nda Mehmet Kaymak\u00e7\u0131\u2019y\u0131 bay\u0131lana kadar d\u00f6v\u00fcp, yol kenar\u0131ndaki Kwittsmoor Park\u0131n\u0131n \u00e7al\u0131l\u0131klar\u0131n\u0131n aras\u0131na s\u00fcr\u00fcklediler. Neonaziler burada bulduklar\u0131, mahkeme tutanaklar\u0131na g\u00f6re 94 kg a\u011f\u0131rl\u0131\u011f\u0131ndaki bir beton plakay\u0131 kald\u0131r\u0131p, Kaymak\u00e7\u0131\u2019n\u0131n kafas\u0131na b\u0131rakt\u0131lar. Irk\u00e7\u0131l\u0131k motifinin g\u00f6zard\u0131 edildi\u011fi davada katiller Frank-Uwe P. (20), Mario B. (19) ve Bernd M. (20) gen\u00e7lik ceza yasalar\u0131 kapsam\u0131ndaki nispeten hafif cezalarla kurtuldular.<\/p>\n\n\n\n<figure class=\"wp-block-image size-large\"><img loading=\"lazy\" decoding=\"async\" width=\"750\" height=\"422\" src=\"https:\/\/mehmet-kaymakci.de\/wp-content\/uploads\/2021\/07\/image-1.png\" alt=\"\" class=\"wp-image-405\" srcset=\"https:\/\/mehmet-kaymakci.de\/wp-content\/uploads\/2021\/07\/image-1.png 750w, https:\/\/mehmet-kaymakci.de\/wp-content\/uploads\/2021\/07\/image-1-300x169.png 300w\" sizes=\"auto, (max-width: 750px) 100vw, 750px\" \/><\/figure>\n","protected":false},"excerpt":{"rendered":"<p>26.03.2019 &#8211; 17:44, Son G\u00fcncelleme: 26.03.2019 &#8211; 17:45 Kemal Do\u011fan \/ Hamburg Haber 34 y\u0131l \u00f6nce beton blokla kafas\u0131 ezilmi\u015fti! Yak\u0131nlar\u0131 aran\u0131yor Hamburg\u2019un Langenhorn semtinde 24 Temmuz 1985 y\u0131l\u0131nda \u00fc\u00e7 Neonazi taraf\u0131ndan kafas\u0131 beton blokla ezilerek \u00f6ld\u00fcr\u00fclen Mehmet Kaymak\u00e7\u0131\u2019n\u0131n an\u0131s\u0131na d\u00fczenlenecek t\u00f6ren i\u00e7in kurban\u0131n yak\u0131nlar\u0131 aran\u0131yor. ALMANYA\u2019da yabanc\u0131 d\u00fc\u015fmanl\u0131\u011f\u0131n\u0131n ortal\u0131\u011f\u0131 kas\u0131p kavurdu\u011fu 1980\u2019li y\u0131llarda kentin [&hellip;]<\/p>\n","protected":false},"author":1,"featured_media":0,"parent":0,"menu_order":0,"comment_status":"closed","ping_status":"closed","template":"","meta":{"_coblocks_attr":"","_coblocks_dimensions":"","_coblocks_responsive_height":"","_coblocks_accordion_ie_support":"","hide_page_title":"","footnotes":""},"class_list":["post-264","page","type-page","status-publish","hentry"],"_links":{"self":[{"href":"https:\/\/mehmet-kaymakci.de\/tr\/wp-json\/wp\/v2\/pages\/264","targetHints":{"allow":["GET"]}}],"collection":[{"href":"https:\/\/mehmet-kaymakci.de\/tr\/wp-json\/wp\/v2\/pages"}],"about":[{"href":"https:\/\/mehmet-kaymakci.de\/tr\/wp-json\/wp\/v2\/types\/page"}],"author":[{"embeddable":true,"href":"https:\/\/mehmet-kaymakci.de\/tr\/wp-json\/wp\/v2\/users\/1"}],"replies":[{"embeddable":true,"href":"https:\/\/mehmet-kaymakci.de\/tr\/wp-json\/wp\/v2\/comments?post=264"}],"version-history":[{"count":2,"href":"https:\/\/mehmet-kaymakci.de\/tr\/wp-json\/wp\/v2\/pages\/264\/revisions"}],"predecessor-version":[{"id":408,"href":"https:\/\/mehmet-kaymakci.de\/tr\/wp-json\/wp\/v2\/pages\/264\/revisions\/408"}],"wp:attachment":[{"href":"https:\/\/mehmet-kaymakci.de\/tr\/wp-json\/wp\/v2\/media?parent=264"}],"curies":[{"name":"wp","href":"https:\/\/api.w.org\/{rel}","templated":true}]}}