{"id":388,"date":"2021-07-20T14:33:21","date_gmt":"2021-07-20T14:33:21","guid":{"rendered":"https:\/\/mehmet-kaymakci.de\/?page_id=388"},"modified":"2021-07-20T16:28:19","modified_gmt":"2021-07-20T16:28:19","slug":"cagri","status":"publish","type":"page","link":"https:\/\/mehmet-kaymakci.de\/tr\/cagri","title":{"rendered":"Ca\u011fr\u0131"},"content":{"rendered":"\n<p><strong>Mehmet Kaymakc\u0131&#8217;y\u0131 Anma Etkinli\u011fine Davet!<\/strong><\/p>\n\n\n\n<p>Mehmet Kaymakc\u0131&#8217;n\u0131n katledili\u015finin 36. y\u0131ld\u00f6n\u00fcm\u00fc olan 24 Temmuz 2021&#8217;de Hamburg-Nord \u0130l\u00e7esindeki Hohe Liedt (Langenhorn) caddesinde \u00fczerindeki Kiwittsmoor Park&#8217;ta anma t\u00f6reni ve an\u0131t ta\u015f\u0131n a\u00e7\u0131l\u0131\u015f\u0131 d\u00fczenlenecek. T\u00f6ren 24 saat 15.00&#8217;te ba\u015flayacak.<\/p>\n\n\n\n<p>Mehmet Kaymakc\u0131, 10 Ekim 1956&#8217;da Haymana \/ T\u00fcrkiye&#8217;de do\u011fdu. Duvarc\u0131 ustas\u0131 olan Kaymakc\u0131, bir Alman vatanda\u015f\u0131yla evliydi. Mehmet Kaymakc\u0131 katledildi\u011finde 29 ya\u015f\u0131ndayd\u0131. <strong>Gen\u00e7 ya\u015fta Almanya&#8217;ya hayelleriyle gelen Kaymakc\u0131, <\/strong>Hamburg&#8217;un kuzeyinde, Langenhorn&#8217;da Hohe Liedt caddesinde sabah\u0131n erken saatlerinde \u00fc\u00e7 gen\u00e7 Neo-Nazi taraf\u0131ndan sald\u0131r\u0131ya u\u011frad\u0131 ve \u00f6ld\u00fcr\u00fcld\u00fc.<\/p>\n\n\n\n<p>Mehmet Kaymakc\u0131, 24 Temmuz 1985&#8217;te Langehorn&#8217;daki &#8220;Bei Ronnie&#8221; adl\u0131 lokalde orada bulunan \u00fc\u00e7 Neo Nazi taraf\u0131ndan taciz edildi. Polis raporuna g\u00f6re \u00fc\u00e7 Neo Nazi, Mehmet Kaymakc\u0131 ile yabanc\u0131lar politikas\u0131 \u00fczerine tart\u0131\u015ft\u0131. Kendisi lokali terk edip, evin yolunu tuttu. Onu takip eden Neo Naziler Hohe Liedt caddesinde ans\u0131z\u0131n ona sald\u0131rd\u0131. Failler, Kaymakc\u0131&#8217;y\u0131 bay\u0131lana kadar d\u00f6v\u00fcp, tekmelediler. Sonra da onu Kiwittsmoor Park\u0131&#8217;n\u0131n kenar\u0131ndaki bir \u00e7al\u0131l\u0131\u011f\u0131n arkas\u0131na s\u00fcr\u00fcklediler. Mehmet Kaymakc\u0131&#8217;y\u0131 bo\u011fmak i\u00e7in yap\u0131lan ba\u015far\u0131s\u0131z giri\u015fimin ard\u0131ndan, orada bulduklar\u0131 bir 94 kiloluk beton blo\u011fu kald\u0131r\u0131p, Mehmet Kaymakc\u0131&#8217;n\u0131n kafas\u0131na b\u0131rakt\u0131lar. Failler k\u0131sa s\u00fcre sonra tutukland\u0131. Mart 1986&#8217;da, \u00fc\u00e7 katil Frank-Uwe P., Mario B. ve Bernd M \u201cadam yaralama suretiyle \u00f6l\u00fcm\u00fc sebebiyet verme\u201d su\u00e7undan yarg\u0131land\u0131lar. Failler mahkeme salonunda da i\u015fledikleri cinayetle adeta \u00f6v\u00fcnerek, &#8220;Biz T\u00fcrk&#8217;\u00fcn i\u015fini bitirmek istedik.&#8221; \u00dcst\u00fcne \u00fcstl\u00fck bir de mahkemede kendilerini ma\u011fdur olarak g\u00f6rd\u00fcler. T\u00fcrk gen\u00e7lik \u00e7etelerinden korktuklar\u0131n\u0131 s\u00f6yleyerek, cinayete gerek\u00e7e arad\u0131lar. Hamburg Eyalet Mahkemesi gen\u00e7lik ceza yasas\u0131 \u00e7er\u00e7evesinde, faillerden ikisini sekiz, birini yedi y\u0131l a\u011f\u0131r hapis cezas\u0131na \u00e7arpt\u0131rd\u0131. Kararda ortakla\u015fa i\u015flenen sinsi, \u0131rk\u00e7\u0131 bir cinayetten s\u00f6z edilmedi. Yarg\u0131\u00e7, san\u0131klar\u0131n neo-Nazi gruplar\u0131 ile olan ba\u011flar\u0131n\u0131 g\u00f6rmezden geldi.<\/p>\n\n\n\n<p>Karar\u0131n ard\u0131ndan bu \u0131rk\u00e7\u0131 cinayet bir\u00e7ok di\u011feri gibi unutuldu, unutturuldu.<\/p>\n\n\n\n<p>Ramazan Avc\u0131 \u0130nisiyatifi&#8217;nin \u00e7abalar\u0131yla Kaymakc\u0131 her anti \u0131rk\u00e7\u0131 eylemde an\u0131ld\u0131, haf\u0131zalara getirildi. Bundan yola \u00e7\u0131kararak Hamburg-Nord \u0130l\u00e7e Belediye Meclisi, meclisteki partilerin ortak giri\u015fimiyle 17 Ocak 2019&#8217;da Mehmet Kaymakc\u0131 an\u0131s\u0131na, katledildi\u011fi yere bir an\u0131t ta\u015f plaket konulmas\u0131n\u0131 karara ba\u011flad\u0131. Ramazan Avc\u0131 \u0130nisiyatifi&#8217;nin u\u011fra\u015flar\u0131yla Mehmet Kaymakc\u0131&#8217;n\u0131n T\u00fcrkiye&#8217;deki ve Hollanda&#8217;daki yak\u0131nlar\u0131yla ba\u011flant\u0131 kuruldu. 2020&#8217;de, Kaymakc\u0131&#8217;n\u0131n katledili\u015finin 35. y\u0131l d\u00f6n\u00fcm\u00fcnde Ramazan Avc\u0131 \u0130nisiyatifi ve Arslan Ailesi ilk anma etkinli\u011fini d\u00fczenledi. An\u0131t ta\u015f\u0131n haz\u0131rlan\u0131p, yeti\u015ftirilmesi bu ilk anmaya yeti\u015fmedi. Bu y\u0131lki anma t\u00f6reninde an\u0131t ta\u015fta a\u00e7\u0131lacak.<\/p>\n\n\n\n<p>Anma etkinli\u011fi Ramazan Avc\u0131 \u0130nisiyatifi, Arslan Ailesi, Haymana K\u00fclt\u00fcr ve E\u011fitim Derne\u011fi taraf\u0131ndan, Hamburg-Nord \u0130l\u00e7e Meclisi, \u0130l\u00e7e belediye Ba\u015fkan\u0131 Michael-Werner Boelz ve \u0130kinci Belediye Ba\u015fkan\u0131 ve Bilim ve \u0130l\u00e7eler Senat\u00f6r\u00fc Katharina Fegebank&#8217;\u0131n maddi ve manevi deste\u011fiyle d\u00fczenleniyor. Anma t\u00f6renindeKaymakc\u0131 Ailesinin T\u00fcrkiye&#8217;den davet edilen \u00fcyeleri, Hamburg \u0130kinci Belediye Ba\u015fkan\u0131 Fegebank, Hamburg-Nord \u0130l\u00e7e Belediye Ba\u015fkan\u0131 Boelz ve \u0131rk\u00e7\u0131l\u0131k kurbanlar\u0131n aileleri haz\u0131r bulunacaklar. T\u00f6ren korona \u015fartlar\u0131 \u00e7er\u00e7evesinde yap\u0131lacakt\u0131r.<\/p>\n\n\n\n<p>T\u00f6ren 24 Temmuz 2021 Cumartesi g\u00fcn\u00fc saat 15.00&#8217;te Kiwittsmoor-Park, Hohe Liedt 22417 Hamburg-Langenhorn yap\u0131lacakt\u0131r.<\/p>\n\n\n\n<p>Ramazan Avc\u0131 \u0130nisiyatifi ve Arslan Ailesi<\/p>\n\n\n\n<p>Kontakt: E-Mail: guersel2@gmx.de oder Handy (0176 65 900 544)<\/p>\n\n\n\n<figure class=\"wp-block-image size-large\"><img loading=\"lazy\" decoding=\"async\" width=\"1024\" height=\"736\" src=\"https:\/\/mehmet-kaymakci.de\/wp-content\/uploads\/2021\/07\/20210628_095322-F-1-1024x736.jpg\" alt=\"\" class=\"wp-image-435\" srcset=\"https:\/\/mehmet-kaymakci.de\/wp-content\/uploads\/2021\/07\/20210628_095322-F-1-1024x736.jpg 1024w, https:\/\/mehmet-kaymakci.de\/wp-content\/uploads\/2021\/07\/20210628_095322-F-1-300x215.jpg 300w, https:\/\/mehmet-kaymakci.de\/wp-content\/uploads\/2021\/07\/20210628_095322-F-1-768x552.jpg 768w, https:\/\/mehmet-kaymakci.de\/wp-content\/uploads\/2021\/07\/20210628_095322-F-1-1536x1103.jpg 1536w, https:\/\/mehmet-kaymakci.de\/wp-content\/uploads\/2021\/07\/20210628_095322-F-1-2048x1471.jpg 2048w\" sizes=\"auto, (max-width: 1024px) 100vw, 1024px\" \/><\/figure>\n\n\n\n<p>_______________________________________________________________________________<\/p>\n\n\n\n<p><strong>Mehmet Kaymak\u00e7\u0131&#8217;y\u0131 an\u0131yoruz!<\/strong><\/p>\n\n\n\n<p>Mehmet Kaymak\u00e7\u0131&#8217;n\u0131n \u0131rk\u00e7\u0131lar taraf\u0131ndan \u00f6ld\u00fcr\u00fclmesinin 35. y\u0131ld\u00f6n\u00fcm\u00fc olan 24. Temmuz 2020 tarihinde, katledildi\u011fi yer Hohe Liedt caddesi (Langenhorn) \u00fczerinde anma etkinli\u011fi d\u00fczenliyoruz.<\/p>\n\n\n\n<p>Mehmet Kaymak\u00e7\u0131, 10 Ekim 1956&#8217;da Haymana&#8217;da do\u011fdu. Mesle\u011fi duvarc\u0131 olan Mehmet Kaymak\u00e7\u0131 29 ya\u015f\u0131ndayd\u0131 ve bir Alman vatanda\u015f\u0131 ile evliydi. 24 Temmuz 1985&#8217;te Hamburg&#8217;un kuzeyindeki Langenhorn semtinde bulunan Hohe Liedt <em>soka\u011f\u0131nda<\/em> 19 ila 20 olan \u00fc\u00e7 gen\u00e7 Neonazi taraf\u0131ndan sabah saatlerinde \u00f6ld\u00fcr\u00fcld\u00fc.<\/p>\n\n\n\n<p>24 Temmuz 1985&#8217;de ne oldu?<\/p>\n\n\n\n<p>Mehmet Kaymak\u00e7\u0131, Polis raporuna g\u00f6re, 24 Temmuz 1985&#8217;te Langenhorn&#8217;da &#8220;Bei Ronnie&#8221; adl\u0131 bir lokalde \u00fc\u00e7 \u00fc\u00e7 Neonazi genciyle politika \u00fczerine tart\u0131\u015ft\u0131. \u00dc\u00e7 Neonazi Kaymak\u00e7\u0131&#8217;ya \u0131rk\u00e7\u0131 hakaret ya\u011fd\u0131r\u0131p, a\u015fa\u011f\u0131lad\u0131lar. Mehmet Kaymak\u00e7\u0131 lokali terk edip eve d\u00f6nerken, \u00fc\u00e7l\u00fc kendisini takip etti. Hohe Liedt soka\u011f\u0131nda Mehmet Kaymak\u00e7\u0131&#8217;ya sald\u0131r\u0131lar. Ald\u0131\u011f\u0131 darbelerle yere d\u00fc\u015fen Kaymak\u00e7\u0131, \u0131rk\u00e7\u0131 gen\u00e7ler taraf\u0131ndan bay\u0131lana kadar d\u00f6v\u00fcld\u00fc. Bay\u0131lan Kaymak\u00e7\u0131&#8217;y\u0131 Kiwittsmoorpark&#8217;\u0131n kenar\u0131ndaki \u00e7al\u0131l\u0131klar\u0131n\u0131n arkas\u0131na \u00e7eken Neonaziler, onu \u00f6nce bo\u011fmaya \u00e7al\u0131\u015ft\u0131lar. Bundan ba\u015far\u0131l\u0131 olamay\u0131nca, orada bulduklar\u0131 94 kilo a\u011f\u0131rl\u0131\u011f\u0131ndaki bir beton blo\u011fu kald\u0131r\u0131p, Mehmet Kaymak\u00e7\u0131&#8217;n\u0131n kafas\u0131n\u0131n \u00fczerine b\u0131rakt\u0131lar. Kaymak\u00e7\u0131, olay yerinde can verirken, katiller ka\u00e7t\u0131. Cinayetten k\u0131sa bir s\u00fcre sonra Frank-Uwe P., Mario B. ve Bernd M. isimli su\u00e7lular tutukland\u0131.<\/p>\n\n\n\n<p>\u00dc\u00e7 neonazi katilin yarg\u0131lanmas\u0131 Mart 1986&#8217;da ba\u015flad\u0131. &#8220;\u00d6l\u00fcmle sonu\u00e7lanan adam yaralama&#8221; ve &#8220;cinayet te\u015febb\u00fcs\u00fc&#8221; ile yarg\u0131lanan katiller, duru\u015fmada su\u00e7lar\u0131n\u0131 itiraf ederken, \u201cT\u00fcrk&#8217;e a\u011fz\u0131n\u0131n pay\u0131n\u0131 vermek istedik\u201d dediler. Buna ra\u011fmen savc\u0131l\u0131k ve mahkeme heyeti \u0131rk\u00e7\u0131 motif ve \u0131rk\u00e7\u0131 gen\u00e7lerin Neonazi gruplarla ba\u011flant\u0131lar\u0131n\u0131 g\u00f6rmezden geldi. San\u0131klar h\u00e2l\u00e2 kendilerini mahkemede kurban olarak g\u00f6r\u00fcyorlar ve T\u00fcrk gen\u00e7lik \u00e7etelerinden korktuklar\u0131n\u0131 belirterek hareketlerini hakl\u0131 \u00e7\u0131kartmaya \u00e7al\u0131\u015f\u0131yorlard\u0131. Hamburg Eyalet Mahkemesi faillerden ikisini gen\u00e7lik ceza yasas\u0131 \u00e7er\u00e7evesinde 7 ila 8 y\u0131l aras\u0131nda de\u011fi\u015fen gen\u00e7lik hapis cezas\u0131na \u00e7arpt\u0131r\u0131ld\u0131lar. Karar h\u00fckm\u00fcnde birlikte i\u015flenen sinsi, \u0131rk\u00e7\u0131 bir cinayetten bahsetmedi. Mehmet Kaymak\u00e7\u0131 zamanla unutuldu, bug\u00fcne kadar an\u0131lmad\u0131. Katiller k\u0131sa s\u00fcren ceza evinden sonra aram\u0131zda ya\u015famaya devam etti.<\/p>\n\n\n\n<p>Bu arada, bir y\u0131ldan beri yo\u011fun \u00e7abalarla Mehmet Kaymak\u00e7\u0131&#8217;n\u0131n T\u00fcrkiye&#8217;de ve Hollanda&#8217;da ya\u015fayan yak\u0131nlar\u0131yla temas kurabildik ve kendileriyle yak\u0131n temastay\u0131z. Ayn\u0131 katledili\u015finden 25 y\u0131l sonra, Ramazan Avc\u0131&#8217;n\u0131n e\u015fi G\u00fcl\u00fcstan ve o\u011flu Ramazan ile irtibat kurarak, onlar\u0131n istekleri do\u011frultusunda unutulmu\u015f \u0131rk\u00e7\u0131 bir cinayetin toplum vicdan\u0131nda yer bulmas\u0131 i\u00e7in pay\u0131m\u0131za d\u00fc\u015fen yerine getirdi\u011fimiz ve katledildi\u011fi yerde ad\u0131n\u0131n ya\u015famas\u0131na katk\u0131 sundu\u011fumuz gibi, Kaymak\u00e7\u0131&#8217;n\u0131n an\u0131lmas\u0131 i\u00e7in \u00e7aba i\u00e7indeyiz. Hamburg Nord \u0130l\u00e7e Belediye Meclisi, \u00f6neli bir kararla olaya dahil oldu ve yerel siyaset\u00e7iler Langenhorn semti Hohe Liedt caddesine Mehmet Kaymak\u00e7\u0131 i\u00e7in bir an\u0131 tabelas\u0131 konulmas\u0131 i\u00e7in \u00f6nayak oldular.. Mehmet Kaymak\u00e7\u0131&#8217;n\u0131n an\u0131s\u0131na bu y\u0131l dikilmesi planlanan tabela ve \u0131rk\u00e7\u0131lar taraf\u0131ndan \u00f6ld\u00fcr\u00fclmesinin 35. y\u0131ld\u00f6n\u00fcmde aile \u00fcyeleri ile birlikte <em>d\u00fc\u015f\u00fcnd\u00fc\u011f\u00fcm\u00fcz anma etkinli\u011fi, <\/em>korona pandemisi nedeniyle \u00f6n\u00fcm\u00fczdeki y\u0131la kald\u0131, ama her att\u0131\u011f\u0131m\u0131z ad\u0131m\u0131 aile ile g\u00f6r\u00fc\u015f\u00fcp, onaylar\u0131n\u0131 al\u0131yoruz..<\/p>\n\n\n\n<p>Bizler yine de bu y\u0131l Mehmet Kaymak\u00e7\u0131&#8217;y\u0131 anmak, \u0131rk\u00e7\u0131l\u0131\u011f\u0131 bir kez daha lanetlemek i\u00e7in 24 Temmuz, saat 17:00 \u2013 19:00 aras\u0131 Hohe Liedt&#8217;te anma mitingi d\u00fczenleyece\u011fiz. \u00c7\u00fcnk\u00fc, Auschwitz&#8217;den kurtulan Primo Levi dedi\u011fi gibi, &#8220;Oldu ve sonu\u00e7 olarak tekrar olabilir: s\u00f6ylememiz gereken \u015feyin \u00f6z\u00fc budur.&#8221;. Bu s\u00f6z\u00fcn ruhunu ve hikayemizi kendimiz belirlemek ve anlatmak istedi\u011fimiz i\u00e7in, Mehmet Kaymak\u00e7\u0131&#8217;n\u0131n \u00f6ld\u00fcr\u00fclmesinin 35. y\u0131ld\u00f6n\u00fcm\u00fcnde Mehmet Kaymak\u00e7\u0131&#8217;y\u0131 anmak ve anmak i\u00e7in Hohe Liedt&#8217;te toplanaca\u011f\u0131z. Anma nerede ne \u015fekilde kendini g\u00f6steriyorsa, g\u00f6stersin \u201c\u0131rk\u00e7\u0131l\u0131\u011fa hay\u0131r\u201d diyen herkese, korona \u015fartlar\u0131na uymak \u015fart\u0131yla, a\u00e7\u0131kt\u0131r.<\/p>\n\n\n\n<p>Anma etkinli\u011fi i\u00e7in saat 17.00 ile 19.00 aras\u0131nda yap\u0131lacak. Kat\u0131lmak isteyenler, gerekli mesafe ve hijyen kurallar\u0131n\u0131 ayarlayabilmemiz i\u00e7in bizimle temasa ge\u00e7melerini tavsiye ederiz.<\/p>\n\n\n\n<p>G\u00fcl\u00fcstan Avc\u0131<\/p>\n\n\n\n<p>Faruk Arslan<\/p>\n\n\n\n<p>Ramazan Avc\u0131 \u0130nisiyatifi ad\u0131na<\/p>\n\n\n\n<p>G\u00fcrsel Y\u0131ld\u0131r\u0131m<\/p>\n\n\n\n<figure class=\"wp-block-image size-large\"><img loading=\"lazy\" decoding=\"async\" width=\"717\" height=\"838\" src=\"https:\/\/mehmet-kaymakci.de\/wp-content\/uploads\/2021\/07\/IMG-20200724-WA0002-F-2.jpg\" alt=\"\" class=\"wp-image-432\" srcset=\"https:\/\/mehmet-kaymakci.de\/wp-content\/uploads\/2021\/07\/IMG-20200724-WA0002-F-2.jpg 717w, https:\/\/mehmet-kaymakci.de\/wp-content\/uploads\/2021\/07\/IMG-20200724-WA0002-F-2-257x300.jpg 257w\" sizes=\"auto, (max-width: 717px) 100vw, 717px\" \/><\/figure>\n\n\n\n<p><\/p>\n","protected":false},"excerpt":{"rendered":"<p>Mehmet Kaymakc\u0131&#8217;y\u0131 Anma Etkinli\u011fine Davet! Mehmet Kaymakc\u0131&#8217;n\u0131n katledili\u015finin 36. y\u0131ld\u00f6n\u00fcm\u00fc olan 24 Temmuz 2021&#8217;de Hamburg-Nord \u0130l\u00e7esindeki Hohe Liedt (Langenhorn) caddesinde \u00fczerindeki Kiwittsmoor Park&#8217;ta anma t\u00f6reni ve an\u0131t ta\u015f\u0131n a\u00e7\u0131l\u0131\u015f\u0131 d\u00fczenlenecek. T\u00f6ren 24 saat 15.00&#8217;te ba\u015flayacak. Mehmet Kaymakc\u0131, 10 Ekim 1956&#8217;da Haymana \/ T\u00fcrkiye&#8217;de do\u011fdu. Duvarc\u0131 ustas\u0131 olan Kaymakc\u0131, bir Alman vatanda\u015f\u0131yla evliydi. Mehmet Kaymakc\u0131 katledildi\u011finde [&hellip;]<\/p>\n","protected":false},"author":1,"featured_media":0,"parent":0,"menu_order":0,"comment_status":"closed","ping_status":"closed","template":"","meta":{"_coblocks_attr":"","_coblocks_dimensions":"","_coblocks_responsive_height":"","_coblocks_accordion_ie_support":"","hide_page_title":"","footnotes":""},"class_list":["post-388","page","type-page","status-publish","hentry"],"_links":{"self":[{"href":"https:\/\/mehmet-kaymakci.de\/tr\/wp-json\/wp\/v2\/pages\/388","targetHints":{"allow":["GET"]}}],"collection":[{"href":"https:\/\/mehmet-kaymakci.de\/tr\/wp-json\/wp\/v2\/pages"}],"about":[{"href":"https:\/\/mehmet-kaymakci.de\/tr\/wp-json\/wp\/v2\/types\/page"}],"author":[{"embeddable":true,"href":"https:\/\/mehmet-kaymakci.de\/tr\/wp-json\/wp\/v2\/users\/1"}],"replies":[{"embeddable":true,"href":"https:\/\/mehmet-kaymakci.de\/tr\/wp-json\/wp\/v2\/comments?post=388"}],"version-history":[{"count":2,"href":"https:\/\/mehmet-kaymakci.de\/tr\/wp-json\/wp\/v2\/pages\/388\/revisions"}],"predecessor-version":[{"id":439,"href":"https:\/\/mehmet-kaymakci.de\/tr\/wp-json\/wp\/v2\/pages\/388\/revisions\/439"}],"wp:attachment":[{"href":"https:\/\/mehmet-kaymakci.de\/tr\/wp-json\/wp\/v2\/media?parent=388"}],"curies":[{"name":"wp","href":"https:\/\/api.w.org\/{rel}","templated":true}]}}