{"id":39,"date":"2021-04-18T21:10:41","date_gmt":"2021-04-18T21:10:41","guid":{"rendered":"https:\/\/mehmet-kaymakci.de\/?page_id=39"},"modified":"2021-07-20T14:56:41","modified_gmt":"2021-07-20T14:56:41","slug":"hosgeldiniz","status":"publish","type":"page","link":"https:\/\/mehmet-kaymakci.de\/tr","title":{"rendered":"Home"},"content":{"rendered":"\n<p>Mehmet Kaymak\u00e7\u0131, 10 Ekim 1956\u2019da Ankara\u2019n\u0131n g\u00fcneyinde, T\u00fcrkiye\u2019nin Haymana kentinde do\u011fdu. \u00c7ift\u00e7i bir ailede be\u015f erkek ve iki k\u0131z karde\u015fle b\u00fcy\u00fcd\u00fc. Para ve i\u015f k\u0131tt\u0131. Mehmet \u00e7ar\u015f\u0131da meyve ve sebze satt\u0131 ve \u015fantiyelerde \u00e7al\u0131\u015ft\u0131. Hamburg\u2019da bir duvarc\u0131 olarak daha fazla kazanmay\u0131 umuyordu.<\/p>\n","protected":false},"excerpt":{"rendered":"<p>Mehmet Kaymak\u00e7\u0131, 10 Ekim 1956\u2019da Ankara\u2019n\u0131n g\u00fcneyinde, T\u00fcrkiye\u2019nin Haymana kentinde do\u011fdu. \u00c7ift\u00e7i bir ailede be\u015f erkek ve iki k\u0131z karde\u015fle b\u00fcy\u00fcd\u00fc. Para ve i\u015f k\u0131tt\u0131. Mehmet \u00e7ar\u015f\u0131da meyve ve sebze satt\u0131 ve \u015fantiyelerde \u00e7al\u0131\u015ft\u0131. Hamburg\u2019da bir duvarc\u0131 olarak daha fazla kazanmay\u0131 umuyordu.<\/p>\n","protected":false},"author":1,"featured_media":0,"parent":0,"menu_order":1,"comment_status":"closed","ping_status":"closed","template":"","meta":{"_coblocks_attr":"","_coblocks_dimensions":"","_coblocks_responsive_height":"","_coblocks_accordion_ie_support":"","hide_page_title":"","footnotes":""},"class_list":["post-39","page","type-page","status-publish","hentry"],"_links":{"self":[{"href":"https:\/\/mehmet-kaymakci.de\/tr\/wp-json\/wp\/v2\/pages\/39","targetHints":{"allow":["GET"]}}],"collection":[{"href":"https:\/\/mehmet-kaymakci.de\/tr\/wp-json\/wp\/v2\/pages"}],"about":[{"href":"https:\/\/mehmet-kaymakci.de\/tr\/wp-json\/wp\/v2\/types\/page"}],"author":[{"embeddable":true,"href":"https:\/\/mehmet-kaymakci.de\/tr\/wp-json\/wp\/v2\/users\/1"}],"replies":[{"embeddable":true,"href":"https:\/\/mehmet-kaymakci.de\/tr\/wp-json\/wp\/v2\/comments?post=39"}],"version-history":[{"count":7,"href":"https:\/\/mehmet-kaymakci.de\/tr\/wp-json\/wp\/v2\/pages\/39\/revisions"}],"predecessor-version":[{"id":391,"href":"https:\/\/mehmet-kaymakci.de\/tr\/wp-json\/wp\/v2\/pages\/39\/revisions\/391"}],"wp:attachment":[{"href":"https:\/\/mehmet-kaymakci.de\/tr\/wp-json\/wp\/v2\/media?parent=39"}],"curies":[{"name":"wp","href":"https:\/\/api.w.org\/{rel}","templated":true}]}}