{"id":475,"date":"2021-07-21T20:00:31","date_gmt":"2021-07-21T20:00:31","guid":{"rendered":"https:\/\/mehmet-kaymakci.de\/?page_id=475"},"modified":"2021-07-21T20:00:32","modified_gmt":"2021-07-21T20:00:32","slug":"bolge-ofisi-iletisim","status":"publish","type":"page","link":"https:\/\/mehmet-kaymakci.de\/tr\/bolge-ofisi-iletisim","title":{"rendered":"B\u00f6lge Ofisi \u0130leti\u015fim"},"content":{"rendered":"","protected":false},"excerpt":{"rendered":"","protected":false},"author":1,"featured_media":0,"parent":0,"menu_order":0,"comment_status":"closed","ping_status":"closed","template":"","meta":{"_coblocks_attr":"","_coblocks_dimensions":"","_coblocks_responsive_height":"","_coblocks_accordion_ie_support":"","hide_page_title":"","footnotes":""},"class_list":["post-475","page","type-page","status-publish","hentry"],"_links":{"self":[{"href":"https:\/\/mehmet-kaymakci.de\/tr\/wp-json\/wp\/v2\/pages\/475","targetHints":{"allow":["GET"]}}],"collection":[{"href":"https:\/\/mehmet-kaymakci.de\/tr\/wp-json\/wp\/v2\/pages"}],"about":[{"href":"https:\/\/mehmet-kaymakci.de\/tr\/wp-json\/wp\/v2\/types\/page"}],"author":[{"embeddable":true,"href":"https:\/\/mehmet-kaymakci.de\/tr\/wp-json\/wp\/v2\/users\/1"}],"replies":[{"embeddable":true,"href":"https:\/\/mehmet-kaymakci.de\/tr\/wp-json\/wp\/v2\/comments?post=475"}],"version-history":[{"count":1,"href":"https:\/\/mehmet-kaymakci.de\/tr\/wp-json\/wp\/v2\/pages\/475\/revisions"}],"predecessor-version":[{"id":477,"href":"https:\/\/mehmet-kaymakci.de\/tr\/wp-json\/wp\/v2\/pages\/475\/revisions\/477"}],"wp:attachment":[{"href":"https:\/\/mehmet-kaymakci.de\/tr\/wp-json\/wp\/v2\/media?parent=475"}],"curies":[{"name":"wp","href":"https:\/\/api.w.org\/{rel}","templated":true}]}}