{"id":58,"date":"2021-04-18T22:16:51","date_gmt":"2021-04-18T22:16:51","guid":{"rendered":"https:\/\/mehmet-kaymakci.de\/?page_id=58"},"modified":"2021-04-22T22:40:57","modified_gmt":"2021-04-22T22:40:57","slug":"iletisim","status":"publish","type":"page","link":"https:\/\/mehmet-kaymakci.de\/tr\/iletisim","title":{"rendered":"Iletisim"},"content":{"rendered":"\n\t\t<div class=\"coblocks-form\" id=\"2426fc1ba860252989619d40b1480acf7c708d7f\">\n\n\t\t\t\n\t\t\t<form action=\"https:\/\/mehmet-kaymakci.de\/tr\/iletisim#2426fc1ba860252989619d40b1480acf7c708d7f\" method=\"post\">\n\t\t\t\t\n<label class=\"coblocks-label\">Name<\/label>\n\t\t<input type=\"hidden\" name=\"field-name[label]\" value=\"Name\">\n\n\t\t\t\t<input type=\"hidden\" id=\"name-field-id\" name=\"name-field-id\" class=\"coblocks-name-field-id\" value=\"field-name\" \/>\n\t\t\n\t\t<input type=\"text\" id=\"name\" name=\"field-name[value]\" class=\"coblocks-field coblocks-field--name\"  \/>\n\n\t\t\n\n<label class=\"coblocks-label\">Email <span class=\"required\">&#042;<\/span><\/label>\n\t\t<input type=\"hidden\" name=\"field-email[label]\" value=\"Email\">\n\n\t\t\n\t\t<input type=\"hidden\" id=\"email-field-id\" name=\"email-field-id\" class=\"coblocks-email-field-id\" value=\"field-email\" \/>\n\t\t<input type=\"email\" id=\"email\" aria-label=\"Email\" name=\"field-email[value]\" class=\"coblocks-field coblocks-field--email\" required \/>\n\n\t\t\n\n<label class=\"coblocks-label\">Message <span class=\"required\">&#042;<\/span><\/label>\n\t\t<input type=\"hidden\" name=\"field-message[label]\" value=\"Message\">\n\n\t\t\n\t\t<textarea name=\"field-message[value]\" aria-label=\"Message\" id=\"message\" class=\"coblocks-field coblocks-textarea\" rows=\"20\" required><\/textarea>\n\n\t\t\n\n\n<p style=\"font-size:12px\"><strong>\u0130leti\u015fim formu ile ilgili notlar<\/strong><br>\u0130leti\u015fim talebiniz SSL kullan\u0131larak \u015fifrelenmi\u015ftir. G\u00d6NDER d\u00fc\u011fmesine basarak, iste\u011finizi yan\u0131tlamak i\u00e7in bilgilerinizi kullanabilece\u011fimizi kabul edersiniz. Bu veriler \u00fc\u00e7\u00fcnc\u00fc \u015fah\u0131slara aktar\u0131lmaz. Gelecek i\u00e7in ge\u00e7erli olmak \u00fczere istedi\u011finiz zaman onay\u0131n\u0131z\u0131 iptal edebilirsiniz. Bu durumda girmi\u015f oldu\u011funuz veriler hemen silinecektir. Ek olarak, talebinizi i\u015fleme koydu\u011fumuzda veya saklama amac\u0131 art\u0131k ge\u00e7erli olmad\u0131\u011f\u0131nda verileriniz silinecektir. Depolanan veriler hakk\u0131nda istedi\u011finiz zaman bilgi edinebilirsiniz.<\/p>\n\n\n\n\t\t<div class=\"coblocks-form__submit wp-block-button\">\n\t\t\t<button type=\"submit\" class=\"wp-block-button__link\" style=\"\">G\u00d6NDER<\/button>\n\t\t\t<input type=\"hidden\" id=\"form-submit\" name=\"form-submit\" value=\"9266353273\" \/><input type=\"hidden\" name=\"_wp_http_referer\" value=\"\/tr\/wp-json\/wp\/v2\/pages\/58\" \/>\t\t\t<input type=\"hidden\" name=\"action\" value=\"coblocks-form-submit\">\n\n\t\t\t\t\t<\/div>\n\n\t\t\n\t\t\t\t<input class=\"coblocks-field verify\" aria-label=\"Enter your email address to verify\" type=\"email\" name=\"coblocks-verify-email\" autocomplete=\"off\" placeholder=\"E-posta\" tabindex=\"-1\">\n\t\t\t\t<input type=\"hidden\" name=\"form-hash\" value=\"2426fc1ba860252989619d40b1480acf7c708d7f\">\n\n\t\t\t\t\t\t\t<\/form>\n\n\t\t<\/div>\n\n\t\t","protected":false},"excerpt":{"rendered":"","protected":false},"author":1,"featured_media":0,"parent":0,"menu_order":0,"comment_status":"closed","ping_status":"closed","template":"","meta":{"_coblocks_attr":"","_coblocks_dimensions":"","_coblocks_responsive_height":"","_coblocks_accordion_ie_support":"","hide_page_title":"","footnotes":""},"class_list":["post-58","page","type-page","status-publish","hentry"],"_links":{"self":[{"href":"https:\/\/mehmet-kaymakci.de\/tr\/wp-json\/wp\/v2\/pages\/58","targetHints":{"allow":["GET"]}}],"collection":[{"href":"https:\/\/mehmet-kaymakci.de\/tr\/wp-json\/wp\/v2\/pages"}],"about":[{"href":"https:\/\/mehmet-kaymakci.de\/tr\/wp-json\/wp\/v2\/types\/page"}],"author":[{"embeddable":true,"href":"https:\/\/mehmet-kaymakci.de\/tr\/wp-json\/wp\/v2\/users\/1"}],"replies":[{"embeddable":true,"href":"https:\/\/mehmet-kaymakci.de\/tr\/wp-json\/wp\/v2\/comments?post=58"}],"version-history":[{"count":2,"href":"https:\/\/mehmet-kaymakci.de\/tr\/wp-json\/wp\/v2\/pages\/58\/revisions"}],"predecessor-version":[{"id":276,"href":"https:\/\/mehmet-kaymakci.de\/tr\/wp-json\/wp\/v2\/pages\/58\/revisions\/276"}],"wp:attachment":[{"href":"https:\/\/mehmet-kaymakci.de\/tr\/wp-json\/wp\/v2\/media?parent=58"}],"curies":[{"name":"wp","href":"https:\/\/api.w.org\/{rel}","templated":true}]}}